{"id":4012,"date":"2024-08-06T06:59:50","date_gmt":"2024-08-06T06:59:50","guid":{"rendered":"https:\/\/eastafricaevents.com\/conditions-dutilisation\/"},"modified":"2024-08-12T15:44:35","modified_gmt":"2024-08-12T15:44:35","slug":"termes-et-conditions","status":"publish","type":"page","link":"https:\/\/eastafricaevents.com\/fr\/termes-et-conditions\/","title":{"rendered":"Termes et conditions"},"content":{"rendered":"\t\t<div data-elementor-type=\"wp-page\" data-elementor-id=\"4012\" class=\"elementor elementor-4012 elementor-2704\" data-elementor-post-type=\"page\">\n\t\t\t\t\t\t<section class=\"elementor-section elementor-top-section elementor-element elementor-element-71de3fd elementor-section-boxed elementor-section-height-default elementor-section-height-default\" data-id=\"71de3fd\" data-element_type=\"section\" data-e-type=\"section\">\n\t\t\t\t\t\t<div class=\"elementor-container elementor-column-gap-default\">\n\t\t\t\t\t<div class=\"elementor-column elementor-col-100 elementor-top-column elementor-element elementor-element-21bb109\" data-id=\"21bb109\" data-element_type=\"column\" data-e-type=\"column\">\n\t\t\t<div class=\"elementor-widget-wrap elementor-element-populated\">\n\t\t\t\t\t\t<section class=\"elementor-section elementor-inner-section elementor-element elementor-element-8315a3a elementor-section-boxed elementor-section-height-default elementor-section-height-default\" data-id=\"8315a3a\" data-element_type=\"section\" data-e-type=\"section\">\n\t\t\t\t\t\t<div class=\"elementor-container elementor-column-gap-default\">\n\t\t\t\t\t<div class=\"elementor-column elementor-col-33 elementor-inner-column elementor-element elementor-element-0af3435\" data-id=\"0af3435\" data-element_type=\"column\" data-e-type=\"column\">\n\t\t\t<div class=\"elementor-widget-wrap elementor-element-populated\">\n\t\t\t\t\t\t<div class=\"elementor-element elementor-element-a937084 elementor-hidden-mobile elementor-widget-divider--view-line elementor-widget elementor-widget-divider\" data-id=\"a937084\" data-element_type=\"widget\" data-e-type=\"widget\" data-widget_type=\"divider.default\">\n\t\t\t\t<div class=\"elementor-widget-container\">\n\t\t\t\t\t\t\t<div class=\"elementor-divider\">\n\t\t\t<span class=\"elementor-divider-separator\">\n\t\t\t\t\t\t<\/span>\n\t\t<\/div>\n\t\t\t\t\t\t<\/div>\n\t\t\t\t<\/div>\n\t\t\t\t\t<\/div>\n\t\t<\/div>\n\t\t\t\t<div class=\"elementor-column elementor-col-33 elementor-inner-column elementor-element elementor-element-c80240d\" data-id=\"c80240d\" data-element_type=\"column\" data-e-type=\"column\">\n\t\t\t<div class=\"elementor-widget-wrap elementor-element-populated\">\n\t\t\t\t\t\t<div class=\"elementor-element elementor-element-850989c elementor-widget elementor-widget-heading\" data-id=\"850989c\" data-element_type=\"widget\" data-e-type=\"widget\" data-widget_type=\"heading.default\">\n\t\t\t\t<div class=\"elementor-widget-container\">\n\t\t\t\t\t<h2 class=\"elementor-heading-title elementor-size-default\">Termes et conditions<\/h2>\t\t\t\t<\/div>\n\t\t\t\t<\/div>\n\t\t\t\t\t<\/div>\n\t\t<\/div>\n\t\t\t\t<div class=\"elementor-column elementor-col-33 elementor-inner-column elementor-element elementor-element-982e5ba\" data-id=\"982e5ba\" data-element_type=\"column\" data-e-type=\"column\">\n\t\t\t<div class=\"elementor-widget-wrap elementor-element-populated\">\n\t\t\t\t\t\t<div class=\"elementor-element elementor-element-c576a7b elementor-hidden-mobile elementor-widget-divider--view-line elementor-widget elementor-widget-divider\" data-id=\"c576a7b\" data-element_type=\"widget\" data-e-type=\"widget\" data-widget_type=\"divider.default\">\n\t\t\t\t<div class=\"elementor-widget-container\">\n\t\t\t\t\t\t\t<div class=\"elementor-divider\">\n\t\t\t<span class=\"elementor-divider-separator\">\n\t\t\t\t\t\t<\/span>\n\t\t<\/div>\n\t\t\t\t\t\t<\/div>\n\t\t\t\t<\/div>\n\t\t\t\t\t<\/div>\n\t\t<\/div>\n\t\t\t\t\t<\/div>\n\t\t<\/section>\n\t\t\t\t<section class=\"elementor-section elementor-inner-section elementor-element elementor-element-252de8f elementor-section-full_width elementor-section-height-default elementor-section-height-default\" data-id=\"252de8f\" data-element_type=\"section\" data-e-type=\"section\">\n\t\t\t\t\t\t<div class=\"elementor-container elementor-column-gap-default\">\n\t\t\t\t\t<div class=\"elementor-column elementor-col-100 elementor-inner-column elementor-element elementor-element-c6b39a4\" data-id=\"c6b39a4\" data-element_type=\"column\" data-e-type=\"column\">\n\t\t\t<div class=\"elementor-widget-wrap elementor-element-populated\">\n\t\t\t\t\t\t<div class=\"elementor-element elementor-element-3b7a3fb elementor-widget__width-inherit elementor-widget-tablet__width-inherit elementor-widget elementor-widget-text-editor\" data-id=\"3b7a3fb\" data-element_type=\"widget\" data-e-type=\"widget\" data-widget_type=\"text-editor.default\">\n\t\t\t\t<div class=\"elementor-widget-container\">\n\t\t\t\t\t\t\t\t\t<p>Nous vous fournissons des services sous r\u00e9serve des avis, termes et conditions \u00e9nonc\u00e9s dans le pr\u00e9sent accord. En outre, vous devez respecter les r\u00e8gles, lignes directrices, politiques, termes et conditions applicables \u00e0 ces services avant de les utiliser. Nous nous r\u00e9servons le droit de modifier ce site et ces conditions \u00e0 tout moment.<\/p>\n\t\t\t\t\t\t\t\t<\/div>\n\t\t\t\t<\/div>\n\t\t\t\t<div class=\"elementor-element elementor-element-a50f00b elementor-widget__width-inherit elementor-widget-tablet__width-inherit elementor-widget elementor-widget-text-editor\" data-id=\"a50f00b\" data-element_type=\"widget\" data-e-type=\"widget\" data-widget_type=\"text-editor.default\">\n\t\t\t\t<div class=\"elementor-widget-container\">\n\t\t\t\t\t\t\t\t\t<p>Avant de poursuivre, veuillez lire cet accord, car le fait d&rsquo;acc\u00e9der au site, de le parcourir ou de l&rsquo;utiliser d&rsquo;une autre mani\u00e8re signifie que vous acceptez tous les termes et conditions de cet accord.<\/p>\n\t\t\t\t\t\t\t\t<\/div>\n\t\t\t\t<\/div>\n\t\t\t\t<div class=\"elementor-element elementor-element-418eb3b elementor-widget__width-inherit elementor-widget-tablet__width-inherit elementor-widget elementor-widget-text-editor\" data-id=\"418eb3b\" data-element_type=\"widget\" data-e-type=\"widget\" data-widget_type=\"text-editor.default\">\n\t\t\t\t<div class=\"elementor-widget-container\">\n\t\t\t\t\t\t\t\t\t<p>Vous ne devez pas t\u00e9l\u00e9charger, distribuer ou publier par l&rsquo;interm\u00e9diaire de ce site tout contenu, information ou autre mat\u00e9riel qui (a) comprend des bogues, des virus, des vers, des trappes, des chevaux de Troie ou d&rsquo;autres codes ou propri\u00e9t\u00e9s nuisibles ; (b) est diffamatoire, mena\u00e7ant, obsc\u00e8ne, ind\u00e9cent, pornographique, discriminatoire, ou pourrait donner lieu \u00e0 une responsabilit\u00e9 civile ou p\u00e9nale en vertu des lois belges. ou les lois de tout autre pays qui pourraient s&rsquo;appliquer ; ou (c) viole ou enfreint les droits d&rsquo;auteur, les brevets, les marques commerciales, les marques de service, les secrets commerciaux ou d&rsquo;autres droits de propri\u00e9t\u00e9 de toute personne. <u>L&rsquo;Afrique de l&rsquo;Est, Berceau de l&rsquo;Humanit\u00e9 et d&rsquo;Avenir<\/u> peut vous fournir un identifiant et un mot de passe pour vous permettre d&rsquo;acc\u00e9der \u00e0 certaines parties du site et de les utiliser. Chaque fois que vous utilisez un mot de passe ou une identification, vous \u00eates r\u00e9put\u00e9 \u00eatre autoris\u00e9 \u00e0 acc\u00e9der au site et \u00e0 l&rsquo;utiliser conform\u00e9ment aux termes et conditions du pr\u00e9sent accord, et l&rsquo;<u>Afrique de l&rsquo;Est, le Berceau de l&rsquo;Humanit\u00e9 et d&rsquo;Avenir<\/u> n&rsquo;a aucune obligation d&rsquo;enqu\u00eater sur la source d&rsquo;un tel acc\u00e8s ou d&rsquo;une telle utilisation du site.<\/p>\t\t\t\t\t\t\t\t<\/div>\n\t\t\t\t<\/div>\n\t\t\t\t<div class=\"elementor-element elementor-element-aad3589 elementor-widget__width-inherit elementor-widget-tablet__width-inherit elementor-widget elementor-widget-text-editor\" data-id=\"aad3589\" data-element_type=\"widget\" data-e-type=\"widget\" data-widget_type=\"text-editor.default\">\n\t\t\t\t<div class=\"elementor-widget-container\">\n\t\t\t\t\t\t\t\t\t<p>En acceptant les pr\u00e9sentes conditions d&rsquo;utilisation par le biais de votre utilisation du site, vous certifiez que vous avez 18 ans ou plus. Si vous avez moins de 18 ans, n&rsquo;utilisez ce site que sous la supervision d&rsquo;un parent ou d&rsquo;un tuteur l\u00e9gal. Sous r\u00e9serve des termes et conditions de cet accord, la pr\u00e9sente vous accorde une licence limit\u00e9e, r\u00e9vocable, non transf\u00e9rable et non exclusive pour acc\u00e9der au site et l&rsquo;utiliser en l&rsquo;affichant sur votre navigateur Internet uniquement dans le but de faire des achats et non pour une utilisation commerciale ou au nom d&rsquo;un tiers, sauf autorisation explicite pr\u00e9alable de l&rsquo;<u>Afrique de l&rsquo;Est, du Berceau de l&rsquo;Humanit\u00e9 et d&rsquo;Avenir<\/u>. Toute violation du pr\u00e9sent accord entra\u00eenera la r\u00e9vocation imm\u00e9diate de la licence accord\u00e9e dans le pr\u00e9sent paragraphe, sans pr\u00e9avis.<\/p>\t\t\t\t\t\t\t\t<\/div>\n\t\t\t\t<\/div>\n\t\t\t\t<div class=\"elementor-element elementor-element-e32f861 elementor-widget__width-inherit elementor-widget-tablet__width-inherit elementor-widget elementor-widget-text-editor\" data-id=\"e32f861\" data-element_type=\"widget\" data-e-type=\"widget\" data-widget_type=\"text-editor.default\">\n\t\t\t\t<div class=\"elementor-widget-container\">\n\t\t\t\t\t\t\t\t\t<p>Sauf autorisation pr\u00e9alable explicite de notre soci\u00e9t\u00e9, tous les \u00e9l\u00e9ments, y compris les images, les textes, les illustrations, les dessins, les ic\u00f4nes, les photographies, les programmes, les clips musicaux ou les t\u00e9l\u00e9chargements, les clips vid\u00e9o et les documents \u00e9crits et autres qui font partie de ce site (collectivement, le \u00ab\u00a0contenu\u00a0\u00bb) sont destin\u00e9s uniquement \u00e0 un usage personnel et non commercial. Vous ne pouvez pas faire un usage commercial des informations fournies sur le site ni utiliser le site au profit d&rsquo;une autre entreprise. Nous nous r\u00e9servons le droit de refuser le service, de cl\u00f4turer les comptes et\/ou d&rsquo;annuler les commandes \u00e0 notre discr\u00e9tion, y compris, mais sans s&rsquo;y limiter, si nous estimons que la conduite du client viole les lois applicables ou est pr\u00e9judiciable \u00e0 nos int\u00e9r\u00eats. Vous ne pouvez pas reproduire, distribuer, afficher, vendre, louer, transmettre, cr\u00e9er des \u0153uvres d\u00e9riv\u00e9es, traduire, modifier, faire de l&rsquo;ing\u00e9nierie inverse, d\u00e9sassembler, d\u00e9compiler ou exploiter de toute autre mani\u00e8re ce site ou une partie de celui-ci, sauf autorisation \u00e9crite expresse de notre soci\u00e9t\u00e9.<\/p>\n\t\t\t\t\t\t\t\t<\/div>\n\t\t\t\t<\/div>\n\t\t\t\t<div class=\"elementor-element elementor-element-e9b9194 elementor-widget__width-inherit elementor-widget-tablet__width-inherit elementor-widget elementor-widget-text-editor\" data-id=\"e9b9194\" data-element_type=\"widget\" data-e-type=\"widget\" data-widget_type=\"text-editor.default\">\n\t\t\t\t<div class=\"elementor-widget-container\">\n\t\t\t\t\t\t\t\t\t<p>Vous serez seul responsable de tout acc\u00e8s \u00e0 ce site et de son utilisation par toute personne utilisant le mot de passe et l&rsquo;identification qui vous ont \u00e9t\u00e9 attribu\u00e9s \u00e0 l&rsquo;origine, que cet acc\u00e8s et cette utilisation du site soient ou non effectivement autoris\u00e9s par vous, y compris, mais sans s&rsquo;y limiter, toutes les communications et transmissions et toutes les obligations (y compris, mais sans s&rsquo;y limiter, les obligations financi\u00e8res) encourues par le biais de cet acc\u00e8s ou de cette utilisation. Vous \u00eates seul responsable de la protection de la s\u00e9curit\u00e9 et de la confidentialit\u00e9 du mot de passe et de l&rsquo;identification qui vous sont attribu\u00e9s. Vous devez imm\u00e9diatement notifier \u00e0 <a href=\"mailto:info@eastafricaevents.com\"><u>info@eastafricaevents.com<\/u><\/a> de toute utilisation non autoris\u00e9e de votre mot de passe ou de votre identification ou de toute autre violation ou menace de violation de la s\u00e9curit\u00e9 de ce site.<\/p>\n\t\t\t\t\t\t\t\t<\/div>\n\t\t\t\t<\/div>\n\t\t\t\t<div class=\"elementor-element elementor-element-7974cae elementor-widget__width-inherit elementor-widget-tablet__width-inherit elementor-widget elementor-widget-text-editor\" data-id=\"7974cae\" data-element_type=\"widget\" data-e-type=\"widget\" data-widget_type=\"text-editor.default\">\n\t\t\t\t<div class=\"elementor-widget-container\">\n\t\t\t\t\t\t\t\t\t<p><u>L&rsquo;Afrique de l&rsquo;Est, Berceau de l&rsquo;Humanit\u00e9 et d&rsquo;Avenir<\/u><\/p>\t\t\t\t\t\t\t\t<\/div>\n\t\t\t\t<\/div>\n\t\t\t\t\t<\/div>\n\t\t<\/div>\n\t\t\t\t\t<\/div>\n\t\t<\/section>\n\t\t\t\t\t<\/div>\n\t\t<\/div>\n\t\t\t\t\t<\/div>\n\t\t<\/section>\n\t\t\t\t<\/div>\n\t\t","protected":false},"excerpt":{"rendered":"<p>Termes et conditions Nous vous fournissons des services sous r\u00e9serve des avis, termes et conditions \u00e9nonc\u00e9s dans le pr\u00e9sent accord. En outre, vous devez respecter les r\u00e8gles, lignes directrices, politiques, termes et conditions applicables \u00e0 ces services avant de les utiliser. Nous nous r\u00e9servons le droit de modifier ce site et ces conditions \u00e0 tout [&hellip;]<\/p>\n","protected":false},"author":1,"featured_media":0,"parent":0,"menu_order":0,"comment_status":"closed","ping_status":"closed","template":"elementor_header_footer","meta":{"footnotes":""},"class_list":["post-4012","page","type-page","status-publish","hentry"],"_links":{"self":[{"href":"https:\/\/eastafricaevents.com\/fr\/wp-json\/wp\/v2\/pages\/4012","targetHints":{"allow":["GET"]}}],"collection":[{"href":"https:\/\/eastafricaevents.com\/fr\/wp-json\/wp\/v2\/pages"}],"about":[{"href":"https:\/\/eastafricaevents.com\/fr\/wp-json\/wp\/v2\/types\/page"}],"author":[{"embeddable":true,"href":"https:\/\/eastafricaevents.com\/fr\/wp-json\/wp\/v2\/users\/1"}],"replies":[{"embeddable":true,"href":"https:\/\/eastafricaevents.com\/fr\/wp-json\/wp\/v2\/comments?post=4012"}],"version-history":[{"count":0,"href":"https:\/\/eastafricaevents.com\/fr\/wp-json\/wp\/v2\/pages\/4012\/revisions"}],"wp:attachment":[{"href":"https:\/\/eastafricaevents.com\/fr\/wp-json\/wp\/v2\/media?parent=4012"}],"curies":[{"name":"wp","href":"https:\/\/api.w.org\/{rel}","templated":true}]}}