{"id":5230,"date":"2024-08-12T11:13:42","date_gmt":"2024-08-12T11:13:42","guid":{"rendered":"https:\/\/eastafricaevents.com\/mentions-legales\/"},"modified":"2024-08-22T11:09:55","modified_gmt":"2024-08-22T11:09:55","slug":"mentions-legales","status":"publish","type":"page","link":"https:\/\/eastafricaevents.com\/fr\/mentions-legales\/","title":{"rendered":"Mentions l\u00e9gales"},"content":{"rendered":"\t\t<div data-elementor-type=\"wp-page\" data-elementor-id=\"5230\" class=\"elementor elementor-5230 elementor-5181\" data-elementor-post-type=\"page\">\n\t\t\t\t\t\t<section class=\"elementor-section elementor-top-section elementor-element elementor-element-854f3cc elementor-section-boxed elementor-section-height-default elementor-section-height-default\" data-id=\"854f3cc\" data-element_type=\"section\" data-e-type=\"section\">\n\t\t\t\t\t\t<div class=\"elementor-container elementor-column-gap-default\">\n\t\t\t\t\t<div class=\"elementor-column elementor-col-100 elementor-top-column elementor-element elementor-element-513abd2\" data-id=\"513abd2\" data-element_type=\"column\" data-e-type=\"column\">\n\t\t\t<div class=\"elementor-widget-wrap elementor-element-populated\">\n\t\t\t\t\t\t<section class=\"elementor-section elementor-inner-section elementor-element elementor-element-4263b52 elementor-section-boxed elementor-section-height-default elementor-section-height-default\" data-id=\"4263b52\" data-element_type=\"section\" data-e-type=\"section\">\n\t\t\t\t\t\t<div class=\"elementor-container elementor-column-gap-default\">\n\t\t\t\t\t<div class=\"elementor-column elementor-col-33 elementor-inner-column elementor-element elementor-element-d9dbfb9\" data-id=\"d9dbfb9\" data-element_type=\"column\" data-e-type=\"column\">\n\t\t\t<div class=\"elementor-widget-wrap elementor-element-populated\">\n\t\t\t\t\t\t<div class=\"elementor-element elementor-element-84d48c3 elementor-hidden-mobile elementor-widget-divider--view-line elementor-widget elementor-widget-divider\" data-id=\"84d48c3\" data-element_type=\"widget\" data-e-type=\"widget\" data-widget_type=\"divider.default\">\n\t\t\t\t<div class=\"elementor-widget-container\">\n\t\t\t\t\t\t\t<div class=\"elementor-divider\">\n\t\t\t<span class=\"elementor-divider-separator\">\n\t\t\t\t\t\t<\/span>\n\t\t<\/div>\n\t\t\t\t\t\t<\/div>\n\t\t\t\t<\/div>\n\t\t\t\t\t<\/div>\n\t\t<\/div>\n\t\t\t\t<div class=\"elementor-column elementor-col-33 elementor-inner-column elementor-element elementor-element-11813e9\" data-id=\"11813e9\" data-element_type=\"column\" data-e-type=\"column\">\n\t\t\t<div class=\"elementor-widget-wrap elementor-element-populated\">\n\t\t\t\t\t\t<div class=\"elementor-element elementor-element-2fb4f57 elementor-widget elementor-widget-heading\" data-id=\"2fb4f57\" data-element_type=\"widget\" data-e-type=\"widget\" data-widget_type=\"heading.default\">\n\t\t\t\t<div class=\"elementor-widget-container\">\n\t\t\t\t\t<h2 class=\"elementor-heading-title elementor-size-default\">Mentions l\u00e9gales<\/h2>\t\t\t\t<\/div>\n\t\t\t\t<\/div>\n\t\t\t\t\t<\/div>\n\t\t<\/div>\n\t\t\t\t<div class=\"elementor-column elementor-col-33 elementor-inner-column elementor-element elementor-element-d8d6dfc\" data-id=\"d8d6dfc\" data-element_type=\"column\" data-e-type=\"column\">\n\t\t\t<div class=\"elementor-widget-wrap elementor-element-populated\">\n\t\t\t\t\t\t<div class=\"elementor-element elementor-element-5154034 elementor-hidden-mobile elementor-widget-divider--view-line elementor-widget elementor-widget-divider\" data-id=\"5154034\" data-element_type=\"widget\" data-e-type=\"widget\" data-widget_type=\"divider.default\">\n\t\t\t\t<div class=\"elementor-widget-container\">\n\t\t\t\t\t\t\t<div class=\"elementor-divider\">\n\t\t\t<span class=\"elementor-divider-separator\">\n\t\t\t\t\t\t<\/span>\n\t\t<\/div>\n\t\t\t\t\t\t<\/div>\n\t\t\t\t<\/div>\n\t\t\t\t\t<\/div>\n\t\t<\/div>\n\t\t\t\t\t<\/div>\n\t\t<\/section>\n\t\t\t\t<section class=\"elementor-section elementor-inner-section elementor-element elementor-element-a0db945 elementor-section-full_width elementor-section-height-default elementor-section-height-default\" data-id=\"a0db945\" data-element_type=\"section\" data-e-type=\"section\">\n\t\t\t\t\t\t<div class=\"elementor-container elementor-column-gap-default\">\n\t\t\t\t\t<div class=\"elementor-column elementor-col-100 elementor-inner-column elementor-element elementor-element-55653f4\" data-id=\"55653f4\" data-element_type=\"column\" data-e-type=\"column\">\n\t\t\t<div class=\"elementor-widget-wrap elementor-element-populated\">\n\t\t\t\t\t\t<div class=\"elementor-element elementor-element-9c2e9ed elementor-widget__width-inherit elementor-widget-tablet__width-inherit elementor-widget elementor-widget-text-editor\" data-id=\"9c2e9ed\" data-element_type=\"widget\" data-e-type=\"widget\" data-widget_type=\"text-editor.default\">\n\t\t\t\t<div class=\"elementor-widget-container\">\n\t\t\t\t\t\t\t\t\t<p><strong>Mentions l\u00e9gales du site de l&rsquo;\u00e9v\u00e9nement \u00ab Afrique de l&rsquo;Est, Berceau de l&rsquo;Humanit\u00e9 et d&rsquo;Avenir \u00bb<\/strong><\/p>\t\t\t\t\t\t\t\t<\/div>\n\t\t\t\t<\/div>\n\t\t\t\t<div class=\"elementor-element elementor-element-a146bc9 elementor-widget__width-inherit elementor-widget-tablet__width-inherit elementor-widget elementor-widget-text-editor\" data-id=\"a146bc9\" data-element_type=\"widget\" data-e-type=\"widget\" data-widget_type=\"text-editor.default\">\n\t\t\t\t<div class=\"elementor-widget-container\">\n\t\t\t\t\t\t\t\t\t<p>Nous faisons de notre mieux pour pr\u00e9parer le contenu de ce site. Cependant, l\u2019\u00e9quipe de gestion de l\u2019\u00e9v\u00e9nement \u00ab Afrique de l\u2019Est, Berceau de l\u2019Humanit\u00e9 et d&rsquo;Avenir\u00bb ne peut garantir les expressions et suggestions du contenu, ainsi que son exactitude. De plus, dans la mesure permise par la loi, l\u2019\u00e9quipe de gestion de l\u2019\u00e9v\u00e9nement \u00ab Afrique de l\u2019Est, Berceau de l\u2019Humanit\u00e9 et d&rsquo;Avenir \u00bb ne sera pas responsable de toute perte et\/ou dommage d\u00fb \u00e0 l\u2019utilisation des informations pr\u00e9sentes sur notre site Internet.<\/p><p>En utilisant notre site Web, vous consentez \u00e0 notre clause de non-responsabilit\u00e9 et acceptez ses conditions.<\/p><p>Les liens sur notre site Web peuvent conduire vers des sites externes, fournis \u00e0 des fins de commodit\u00e9 uniquement. Aucune information ou d\u00e9claration apparaissant sur ces sites n\u2019est sponsoris\u00e9e, approuv\u00e9e ou autrement approuv\u00e9e par l\u2019\u00e9quipe de gestion de l\u2019\u00e9v\u00e9nement \u00ab Afrique de l\u2019Est, Berceau de l\u2019Humanit\u00e9 et d&rsquo;Avenir\u00bb. Pour ces sites externes, l\u2019\u00e9quipe de gestion de l\u2019\u00e9v\u00e9nement \u00ab Afrique de l\u2019Est, Berceau de l\u2019Humanit\u00e9 et d&rsquo;Avenir \u00bb ne peut \u00eatre tenue responsable de la disponibilit\u00e9, ni du contenu se trouvant sur ou via ceux-ci.<\/p><p>Komera Conseil<br \/>9,Rue des colonnes<br \/>75002 Paris<br \/>TVA : FR04922526322<\/p>\t\t\t\t\t\t\t\t<\/div>\n\t\t\t\t<\/div>\n\t\t\t\t\t<\/div>\n\t\t<\/div>\n\t\t\t\t\t<\/div>\n\t\t<\/section>\n\t\t\t\t\t<\/div>\n\t\t<\/div>\n\t\t\t\t\t<\/div>\n\t\t<\/section>\n\t\t\t\t<\/div>\n\t\t","protected":false},"excerpt":{"rendered":"<p>Mentions l\u00e9gales Mentions l\u00e9gales du site de l&rsquo;\u00e9v\u00e9nement \u00ab Afrique de l&rsquo;Est, Berceau de l&rsquo;Humanit\u00e9 et d&rsquo;Avenir \u00bb Nous faisons de notre mieux pour pr\u00e9parer le contenu de ce site. Cependant, l\u2019\u00e9quipe de gestion de l\u2019\u00e9v\u00e9nement \u00ab Afrique de l\u2019Est, Berceau de l\u2019Humanit\u00e9 et d&rsquo;Avenir\u00bb ne peut garantir les expressions et suggestions du contenu, ainsi [&hellip;]<\/p>\n","protected":false},"author":1,"featured_media":0,"parent":0,"menu_order":0,"comment_status":"closed","ping_status":"closed","template":"elementor_header_footer","meta":{"footnotes":""},"class_list":["post-5230","page","type-page","status-publish","hentry"],"_links":{"self":[{"href":"https:\/\/eastafricaevents.com\/fr\/wp-json\/wp\/v2\/pages\/5230","targetHints":{"allow":["GET"]}}],"collection":[{"href":"https:\/\/eastafricaevents.com\/fr\/wp-json\/wp\/v2\/pages"}],"about":[{"href":"https:\/\/eastafricaevents.com\/fr\/wp-json\/wp\/v2\/types\/page"}],"author":[{"embeddable":true,"href":"https:\/\/eastafricaevents.com\/fr\/wp-json\/wp\/v2\/users\/1"}],"replies":[{"embeddable":true,"href":"https:\/\/eastafricaevents.com\/fr\/wp-json\/wp\/v2\/comments?post=5230"}],"version-history":[{"count":3,"href":"https:\/\/eastafricaevents.com\/fr\/wp-json\/wp\/v2\/pages\/5230\/revisions"}],"predecessor-version":[{"id":5945,"href":"https:\/\/eastafricaevents.com\/fr\/wp-json\/wp\/v2\/pages\/5230\/revisions\/5945"}],"wp:attachment":[{"href":"https:\/\/eastafricaevents.com\/fr\/wp-json\/wp\/v2\/media?parent=5230"}],"curies":[{"name":"wp","href":"https:\/\/api.w.org\/{rel}","templated":true}]}}