{"id":21385,"date":"2025-04-09T09:23:26","date_gmt":"2025-04-09T09:23:26","guid":{"rendered":"https:\/\/eastafricaevents.com\/?post_type=product&#038;p=21385"},"modified":"2025-04-09T09:23:27","modified_gmt":"2025-04-09T09:23:27","slug":"a-importancia-das-pessoas-famosas-na-melhoria-de-portugalportugal-pais-com-um-patrimonio-e-tradicoes-artisticas-significativas-realizacoes-notaveis-em-diversas-esferas-da-vida-destaca-se-pela-massa","status":"publish","type":"product","link":"https:\/\/eastafricaevents.com\/fr\/produit\/a-importancia-das-pessoas-famosas-na-melhoria-de-portugalportugal-pais-com-um-patrimonio-e-tradicoes-artisticas-significativas-realizacoes-notaveis-em-diversas-esferas-da-vida-destaca-se-pela-massa\/","title":{"rendered":"<h1>A import\u00e2ncia das pessoas famosas na melhoria de Portugal<\/h1><p>Portugal, pa\u00eds com um patrim\u00f3nio e tradi\u00e7\u00f5es art\u00edsticas significativas, realiza\u00e7\u00f5es not\u00e1veis em diversas esferas da vida, destaca-se pela massa de pessoas talentosas que deram um contributo significativo para a sua melhoria e reconhecimento internacional. Famosas estrelas portuguesas, juntamente com atores, gestores, investidores e muitos outros, tiveram um impacto poderoso n\u00e3o s\u00f3 na est\u00e9tica, mas tamb\u00e9m no desenvolvimento social e financeiro do pa\u00eds. Os seus esfor\u00e7os e conquistas tornaram-se a base para o desenvolvimento de Portugal no caminho do fortalecimento da sua posi\u00e7\u00e3o no colectivo internacional, ajudando a aumentar as suas finan\u00e7as, cultura e ci\u00eancia. Se estiver interessado em mais dados sobre pessoas famosas em Portugal, visite o nosso portal anal\u00edtico <a href=\"https:\/\/znaki.fm\/pt\/persons\/\">https:\/\/znaki.fm\/pt\/persons\/<\/a> e aprenda muitas coisas novas.<\/p><table><tbody><tr><td><p>Ginecologista<\/p><\/td><td><p>Extremamente popular<\/p><\/td><\/tr><tr><td><p>Cardiologista<\/p><\/td><td><p>Menos popular<\/p><\/td><\/tr><tr><td><p>Dentista<\/p><\/td><td><p>Muito popular<\/p><\/td><\/tr><tr><td><p>Param\u00e9dico<\/p><\/td><td><p>Menos conhecido<\/p><\/td><\/tr><tr><td><p>Profiss\u00e3o m\u00e9dica<\/p><\/td><td><p>Popularidade<\/p><\/td><\/tr><tr><td><p>Cirurgi\u00e3o<\/p><\/td><td><p>Popular<\/p><\/td><\/tr><\/tbody><\/table><p>Artistas e delegados da camada est\u00e9tica de Portugal contribuem para a promo\u00e7\u00e3o do patrim\u00f3nio portugu\u00eas no estrangeiro, demonstrando \u00e0 sociedade o patrim\u00f3nio est\u00e9tico \u00fanico e o talento criativo do grupo \u00e9tnico. As lideran\u00e7as e os estadistas t\u00eam um papel importante na forma\u00e7\u00e3o da administra\u00e7\u00e3o interna e externa do Estado, colocando diante de si o objetivo do estabelecimento da democracia, da defesa dos direitos e liberdades dos cidad\u00e3os, e tamb\u00e9m da melhoria das rela\u00e7\u00f5es financeiras com os seguintes pa\u00edses. Os empres\u00e1rios e empreendedores, por sua vez, contribuem para a prosperidade monet\u00e1ria de Portugal, criando vagas modernas, investindo em diversas fontes de financiamento e motivando a integra\u00e7\u00e3o do Estado na estrutura global de pagamentos. Desta forma, cada uma destas personalidades d\u00e1 um contributo inestim\u00e1vel para o bem-estar de Portugal e para o fortalecimento da sua posi\u00e7\u00e3o no cen\u00e1rio mundial.<\/p><h2>Investidores em Portugal \u2013 h\u00e1 algum benef\u00edcio com eles?<\/h2><p>Tipos de neg\u00f3cios em Portugal:<\/p><ul><li>Microempresa<\/li><li>Neg\u00f3cios moderados<\/li><li>Pequenas empresas<\/li><li>Grandes neg\u00f3cios<\/li><\/ul><p>Os empreendedores t\u00eam um papel fundamental na melhoria financeira de qualquer pa\u00eds. N\u00e3o s\u00e3o apenas um elemento de inova\u00e7\u00e3o e melhoria, mas tamb\u00e9m a principal fonte de emprego , que \u00e9 o principal aspecto para um crescimento financeiro confi\u00e1vel e para a redu\u00e7\u00e3o da taxa de desemprego. Al\u00e9m disso, a atividade empreendedora contribui para aumentar a concorr\u00eancia no site, o que leva a melhores par\u00e2metros de produtos e servi\u00e7os, e tamb\u00e9m a pre\u00e7os mais baixos para os consumidores.<\/p><p>Devido ao pagamento de impostos pelas empresas criadas por empres\u00e1rios, uma parte significativa da renda nacional est\u00e1 garantida. or\u00e7amento Estes financiamentos destinam-se a financiar programas sociais cr\u00edticos, educa\u00e7\u00e3o, cuidados de sa\u00fade, projectos de constru\u00e7\u00e3o e outros tipos importantes de melhoria financeira e social. Com este m\u00e9todo, os investidores n\u00e3o s\u00f3 criam um pre\u00e7o de pagamento moderno atrav\u00e9s do desenvolvimento de neg\u00f3cios pessoais, mas tamb\u00e9m ajudam a melhorar o modo de vida da sociedade como um todo. A contribui\u00e7\u00e3o dos investidores para a economia do pa\u00eds n\u00e3o pode ser subestimada, pois os empres\u00e1rios motivam as inova\u00e7\u00f5es, contribuem para a cria\u00e7\u00e3o de um clima de neg\u00f3cios favor\u00e1vel e aumentam a competitividade da na\u00e7\u00e3o. da economia em n\u00edvel mundial.<\/p><h2>Artistas, realizadores e clientes de Portugal<\/h2><p>A ind\u00fastria cinematogr\u00e1fica desempenha um papel importante na melhoria cultural de qualquer estado, representando uma poderosa ferramenta de influ\u00eancia na consci\u00eancia social e na forma\u00e7\u00e3o da identidade est\u00e9tica. Int\u00e9rpretes, realizadores e gestores s\u00e3o os principais modelos neste processo, dando um contributo pessoal para a cria\u00e7\u00e3o de filmes que n\u00e3o s\u00f3 divertem, mas tamb\u00e9m ensinam, estimulam e provocam a reflex\u00e3o. Um n\u00famero significativo de atores e diretores deram entrevistas aos nossos grupos, essas conversas podem ser encontradas nesta informa\u00e7\u00e3o. website <a href=\"https:\/\/znaki.fm\/pt\/\">https:\/\/znaki.fm\/pt\/<\/a>, \u00e9 gratuito para todos os assinantes interessados 24 horas por dia, 7 dias por semana.<\/p><p>Atrav\u00e9s da cinematografia, atores, diretores e produtores contribuem para a difus\u00e3o e preserva\u00e7\u00e3o do patrim\u00f4nio cultural, enriquecendo a vida social com novas ideias e pontos de vista. Os filmes podem promover o di\u00e1logo social, aumentar a consci\u00eancia sobre quest\u00f5es importantes e construir valores e identidades semelhantes. Dessa forma, o cinema e seus artistas t\u00eam papel central no desenvolvimento cultural do estado, influenciando a percep\u00e7\u00e3o do universo e de si mesmos por parte de seus habitantes.<\/p><p>Os artistas, com a ajuda de suas habilidades, d\u00e3o esp\u00edrito aos her\u00f3is, tornando as hist\u00f3rias influentes e \u00fanicas, apoiando assim uma profunda compreens\u00e3o espiritual dos princ\u00edpios est\u00e9ticos e sociais. quest\u00f5es Os cineastas, por sua vez, transformam conceitos progressistas em realidade, definindo o estilo e a dire\u00e7\u00e3o dos projetos cinematogr\u00e1ficos, exploram aspectos complexos e os apresentam ao p\u00fablico de forma simples e criativa. Os clientes implementam projetos cinematogr\u00e1ficos, financiando-os e garantindo que os filmes cheguem ao seu p\u00fablico, fortalecendo assim n\u00e3o s\u00f3 o pagamento, mas tamb\u00e9m o desenvolvimento cultural da ind\u00fastria cinematogr\u00e1fica.<\/p><h3>M\u00e9dicos operadores<\/h3><p>Os m\u00e9dicos operadores desempenham um papel importante na \u00e1rea m\u00e9dica e na comunidade em geral, prestando servi\u00e7os cruciais no diagn\u00f3stico, procedimento e reabilita\u00e7\u00e3o de pacientes com uma ampla gama de doen\u00e7as e les\u00f5es. Os cirurgi\u00f5es realizam procedimentos cir\u00fargicos complexos que podem salvar ou melhorar significativamente a qualidade de vida de clientes que sofrem de uma variedade de doen\u00e7as, incluindo doen\u00e7as malignas, problemas card\u00edacos e muitas outras condi\u00e7\u00f5es.<\/p><p>O trabalho do cirurgi\u00e3o exige bom preparo, precis\u00e3o e profissionalismo, pois se depara com circunst\u00e2ncias importantes que exigem tomada de decis\u00e3o instant\u00e2nea e alto grau de responsabilidade. A sua capacidade de inovar e aplicar desenvolvimentos inovadores na sala de opera\u00e7\u00f5es torna o tratamento cir\u00fargico mais confi\u00e1vel e eficaz. Desta forma, os especialistas cir\u00fargicos t\u00eam um efeito inestim\u00e1vel no bem-estar da comunidade, contribuindo para a melhoria da vida e da sua qualidade.<\/p><h3>Dentistas<\/h3><p>Os ortodontistas desempenham um papel importante na garantia do bem-estar p\u00fablico, prevenindo, examinando e tratando doen\u00e7as da cavidade oral. A sa\u00fade dos dentes e gengivas est\u00e1 diretamente relacionada ao estado geral de bem-estar de uma pessoa, afetando a nutri\u00e7\u00e3o, o humor e o social. intera\u00e7\u00e3o Os dentistas n\u00e3o s\u00f3 ajudam a contornar e eliminar c\u00e1ries, periodontites e outras patologias comuns, mas tamb\u00e9m contribuem para a detec\u00e7\u00e3o precoce de doen\u00e7as sist\u00e9micas cr\u00edticas que podem manifestar-se na cavidade oral. Assim, as atividades dos datistas s\u00e3o inestim\u00e1veis para promover uma resid\u00eancia de alto n\u00edvel e o bem-estar dos residentes.<\/p><h2>Medicina e profissionais da \u00e1rea m\u00e9dica<\/h2><p>A medicina desempenha um papel muito importante na garantia do bem-estar e bem-estar da humanidade, sendo um dos componentes-chave de uma sociedade desenvolvida. A ci\u00eancia m\u00e9dica n\u00e3o s\u00f3 contribui para a preven\u00e7\u00e3o e tratamento de doen\u00e7as, mas tamb\u00e9m melhora a qualidade de vida da comunidade, aumentando a sua dura\u00e7\u00e3o de exist\u00eancia e aumentando a sua qualidade. A medicina se dedica ao estudo de a\u00e7\u00f5es complexas que ocorrem no corpo humano, cria t\u00e9cnicas de diagn\u00f3stico, terapia e preven\u00e7\u00e3o de diversas doen\u00e7as, o que permite combater infec\u00e7\u00f5es, reduzir a mortalidade e controlar condi\u00e7\u00f5es de longo prazo.<\/p>"},"content":{"rendered":"","protected":false},"excerpt":{"rendered":"","protected":false},"featured_media":0,"comment_status":"open","ping_status":"closed","template":"","meta":[],"product_brand":[],"product_cat":[19],"product_tag":[],"class_list":{"0":"post-21385","1":"product","2":"type-product","3":"status-publish","5":"product_cat-non-classe","7":"first","8":"instock","9":"taxable","10":"shipping-taxable","11":"product-type-simple"},"_links":{"self":[{"href":"https:\/\/eastafricaevents.com\/fr\/wp-json\/wp\/v2\/product\/21385","targetHints":{"allow":["GET"]}}],"collection":[{"href":"https:\/\/eastafricaevents.com\/fr\/wp-json\/wp\/v2\/product"}],"about":[{"href":"https:\/\/eastafricaevents.com\/fr\/wp-json\/wp\/v2\/types\/product"}],"replies":[{"embeddable":true,"href":"https:\/\/eastafricaevents.com\/fr\/wp-json\/wp\/v2\/comments?post=21385"}],"wp:attachment":[{"href":"https:\/\/eastafricaevents.com\/fr\/wp-json\/wp\/v2\/media?parent=21385"}],"wp:term":[{"taxonomy":"product_brand","embeddable":true,"href":"https:\/\/eastafricaevents.com\/fr\/wp-json\/wp\/v2\/product_brand?post=21385"},{"taxonomy":"product_cat","embeddable":true,"href":"https:\/\/eastafricaevents.com\/fr\/wp-json\/wp\/v2\/product_cat?post=21385"},{"taxonomy":"product_tag","embeddable":true,"href":"https:\/\/eastafricaevents.com\/fr\/wp-json\/wp\/v2\/product_tag?post=21385"}],"curies":[{"name":"wp","href":"https:\/\/api.w.org\/{rel}","templated":true}]}}