{"id":3828,"date":"2024-08-05T05:05:58","date_gmt":"2024-08-05T05:05:58","guid":{"rendered":"https:\/\/eastafricaevents.com\/produit\/billet-valable-toute-la-journee\/"},"modified":"2024-11-28T07:20:14","modified_gmt":"2024-11-28T07:20:14","slug":"billet-valable-toute-la-journee","status":"publish","type":"product","link":"https:\/\/eastafricaevents.com\/fr\/produit\/billet-valable-toute-la-journee\/","title":{"rendered":"Billet valable toute la journ\u00e9e"},"content":{"rendered":"<div class=\"elementor-element elementor-element-c3661d4 elementor-widget elementor-widget-heading\" data-id=\"c3661d4\" data-element_type=\"widget\" data-widget_type=\"heading.default\">\n<div class=\"elementor-widget-container\">\n<h2 class=\"elementor-heading-title elementor-size-default\">Comprend :<\/h2>\n<\/div>\n<\/div>\n<div class=\"elementor-element elementor-element-6175f02 elementor-icon-list--layout-traditional elementor-list-item-link-full_width elementor-widget elementor-widget-icon-list\" data-id=\"6175f02\" data-element_type=\"widget\" data-widget_type=\"icon-list.default\">\n<div class=\"elementor-widget-container\">\n<ul>\n<li>Petit d\u00e9jeuner<\/li>\n<li>Acc\u00e8s aux tables rondes<\/li>\n<li>Acc\u00e8s \u00e0 l&rsquo;espace de networking<\/li>\n<li>Acc\u00e8s \u00e0 la galerie d&rsquo;art \u00e9ph\u00e9m\u00e8re &amp; stands<\/li>\n<li>Concert folklorique &amp; sessions de DJ<\/li>\n<\/ul>\n<\/div>\n<\/div>\n","protected":false},"excerpt":{"rendered":"<p>\u00e0 partir de 9H30<\/p>\n","protected":false},"featured_media":4746,"comment_status":"open","ping_status":"closed","template":"","meta":[],"product_brand":[],"product_cat":[58],"product_tag":[],"class_list":{"0":"post-3828","1":"product","2":"type-product","3":"status-publish","4":"has-post-thumbnail","6":"product_cat-plein-tarif-fr","8":"first","9":"instock","10":"taxable","11":"shipping-taxable","12":"purchasable","13":"product-type-simple"},"_links":{"self":[{"href":"https:\/\/eastafricaevents.com\/fr\/wp-json\/wp\/v2\/product\/3828","targetHints":{"allow":["GET"]}}],"collection":[{"href":"https:\/\/eastafricaevents.com\/fr\/wp-json\/wp\/v2\/product"}],"about":[{"href":"https:\/\/eastafricaevents.com\/fr\/wp-json\/wp\/v2\/types\/product"}],"replies":[{"embeddable":true,"href":"https:\/\/eastafricaevents.com\/fr\/wp-json\/wp\/v2\/comments?post=3828"}],"wp:featuredmedia":[{"embeddable":true,"href":"https:\/\/eastafricaevents.com\/fr\/wp-json\/wp\/v2\/media\/4746"}],"wp:attachment":[{"href":"https:\/\/eastafricaevents.com\/fr\/wp-json\/wp\/v2\/media?parent=3828"}],"wp:term":[{"taxonomy":"product_brand","embeddable":true,"href":"https:\/\/eastafricaevents.com\/fr\/wp-json\/wp\/v2\/product_brand?post=3828"},{"taxonomy":"product_cat","embeddable":true,"href":"https:\/\/eastafricaevents.com\/fr\/wp-json\/wp\/v2\/product_cat?post=3828"},{"taxonomy":"product_tag","embeddable":true,"href":"https:\/\/eastafricaevents.com\/fr\/wp-json\/wp\/v2\/product_tag?post=3828"}],"curies":[{"name":"wp","href":"https:\/\/api.w.org\/{rel}","templated":true}]}}